{"id":14442,"date":"2023-08-24T03:25:05","date_gmt":"2023-08-24T03:25:05","guid":{"rendered":"https:\/\/mangoanimate.com\/blog\/?page_id=14442"},"modified":"2024-12-10T06:46:06","modified_gmt":"2024-12-10T06:46:06","slug":"affiliate","status":"publish","type":"page","link":"https:\/\/mangoanimate.com\/blog\/vi\/affiliate\/","title":{"rendered":"li\u00ean k\u1ebft"},"content":{"rendered":"<div class=\"wp-block-group alignfull has-background has-xx-large-font-size has-global-padding is-layout-constrained wp-container-core-group-is-layout-387dedb3 wp-block-group-is-layout-constrained\" style=\"background:linear-gradient(90deg,rgb(255,193,0) 3%,rgb(247,151,30) 100%);min-height:660px;margin-top:0px;margin-bottom:0px;padding-top:3.5rem;padding-right:var(--wp--preset--spacing--50);padding-bottom:0rem;padding-left:0\">\n<div class=\"wp-block-columns alignwide are-vertically-aligned-center is-layout-flex wp-container-core-columns-is-layout-a7bc3bc9 wp-block-columns-is-layout-flex\" style=\"margin-top:0rem;margin-bottom:0rem;padding-top:0;padding-right:0;padding-bottom:0;padding-left:0\">\n<div class=\"wp-block-column is-vertically-aligned-center has-global-padding is-content-justification-center is-layout-constrained wp-container-core-column-is-layout-2054e40c wp-block-column-is-layout-constrained\" style=\"padding-top:0;padding-right:0;padding-bottom:0;padding-left:0;flex-basis:790px\">\n<p class=\"has-text-align-left has-system-serif-font-family has-xx-large-font-size\"><strong>Ch\u01b0\u01a1ng tr\u00ecnh li\u00ean k\u1ebft Mango Animate <\/strong><\/p>\n\n\n\n<p class=\"has-system-serif-font-family has-large-font-size\"><strong>Tham gia Ch\u01b0\u01a1ng tr\u00ecnh ti\u1ebfp th\u1ecb li\u00ean k\u1ebft Mango Animate v\u00e0 ki\u1ebfm \u0111\u01b0\u1ee3c $3000+ m\u1ed7i th\u00e1ng!<\/strong><\/p>\n\n\n\n<div class=\"wp-block-group is-content-justification-left is-nowrap is-layout-flex wp-container-core-group-is-layout-5e4c1b14 wp-block-group-is-layout-flex\" style=\"padding-top:var(--wp--preset--spacing--10);padding-bottom:var(--wp--preset--spacing--20)\">\n<div class=\"wp-block-buttons has-custom-font-size has-large-font-size is-content-justification-center is-layout-flex wp-container-core-buttons-is-layout-563154ed wp-block-buttons-is-layout-flex\" style=\"margin-top:0;margin-bottom:0\">\n<div class=\"wp-block-button\"><a class=\"wp-block-button__link has-text-align-left wp-element-button\" href=\"https:\/\/www.shareasale.com\/shareasale.cfm?merchantID=144282\" target=\"_blank\" rel=\"noreferrer noopener\">B\u1eaft \u0111\u1ea7u ki\u1ebfm ti\u1ec1n ngay b\u00e2y gi\u1edd<\/a><\/div>\n<\/div>\n<\/div>\n<\/div>\n\n\n\n<div class=\"wp-block-column has-global-padding is-layout-constrained wp-block-column-is-layout-constrained\" style=\"flex-basis:700px\">\n<figure class=\"wp-block-image size-large is-resized\"><img loading=\"lazy\" decoding=\"async\" width=\"1024\" height=\"846\" src=\"https:\/\/mangoanimate.com\/blog\/wp-content\/uploads\/2023\/08\/start_earn_money-1024x846.png\" alt=\"\" class=\"wp-image-14579\" style=\"width:834px\" srcset=\"https:\/\/mangoanimate.com\/blog\/wp-content\/uploads\/2023\/08\/start_earn_money-1024x846.png 1024w, https:\/\/mangoanimate.com\/blog\/wp-content\/uploads\/2023\/08\/start_earn_money-300x248.png 300w, https:\/\/mangoanimate.com\/blog\/wp-content\/uploads\/2023\/08\/start_earn_money-768x635.png 768w, https:\/\/mangoanimate.com\/blog\/wp-content\/uploads\/2023\/08\/start_earn_money-1536x1269.png 1536w, https:\/\/mangoanimate.com\/blog\/wp-content\/uploads\/2023\/08\/start_earn_money-2048x1693.png 2048w, https:\/\/mangoanimate.com\/blog\/wp-content\/uploads\/2023\/08\/start_earn_money-15x12.png 15w\" sizes=\"auto, (max-width: 1024px) 100vw, 1024px\" \/><\/figure>\n<\/div>\n<\/div>\n<\/div>\n\n\n\n<div class=\"wp-block-group alignfull has-base-color has-contrast-background-color has-text-color has-background has-link-color wp-elements-a349cef06d509b19a98606fa202d08cc has-global-padding is-layout-constrained wp-container-core-group-is-layout-b1d43a46 wp-block-group-is-layout-constrained\" style=\"margin-top:0;margin-bottom:0;padding-top:var(--wp--preset--spacing--20);padding-right:0;padding-bottom:var(--wp--preset--spacing--20);padding-left:0\">\n<div class=\"wp-block-group alignfull has-base-color has-contrast-background-color has-text-color has-background has-link-color has-medium-font-size wp-elements-1b10b911932bad7a267a28d8590946aa has-global-padding is-layout-constrained wp-container-core-group-is-layout-b06604bc wp-block-group-is-layout-constrained\" style=\"margin-top:0;margin-bottom:0;padding-top:var(--wp--preset--spacing--10);padding-right:0;padding-bottom:var(--wp--preset--spacing--30);padding-left:0\">\n<p class=\"has-text-align-center has-system-serif-font-family has-xx-large-font-size\" style=\"margin-right:0;margin-left:0;padding-top:0;padding-right:0px;padding-bottom:0;padding-left:0px\"><strong>B\u1eaft \u0111\u1ea7u ki\u1ebfm ti\u1ec1n sau 3 b\u01b0\u1edbc \u0111\u01a1n gi\u1ea3n!<\/strong><\/p>\n<\/div>\n\n\n\n<div class=\"wp-block-group has-global-padding is-layout-constrained wp-container-core-group-is-layout-530ec779 wp-block-group-is-layout-constrained\">\n<hr class=\"wp-block-separator has-text-color has-base-color has-alpha-channel-opacity has-base-background-color has-background is-style-wide\" style=\"margin-top:var(--wp--preset--spacing--30);margin-bottom:var(--wp--preset--spacing--30)\"\/>\n\n\n\n<p class=\"has-text-align-left has-system-serif-font-family has-large-font-size\"><strong>B\u01b0\u1edbc 1:<\/strong> <strong>Tham gia<\/strong><\/p>\n\n\n\n<p class=\"has-contrast-1-color has-text-color has-link-color wp-elements-f3340cee479753d3a43bd6560c3a0c14\">Tham gia ch\u01b0\u01a1ng tr\u00ecnh li\u00ean k\u1ebft Mango Animate v\u00e0 nh\u1eadn li\u00ean k\u1ebft \u0111\u1ed9c \u0111\u00e1o c\u1ee7a b\u1ea1n.<\/p>\n\n\n\n<hr class=\"wp-block-separator has-text-color has-base-color has-alpha-channel-opacity has-base-background-color has-background is-style-wide\" style=\"margin-top:var(--wp--preset--spacing--30);margin-bottom:var(--wp--preset--spacing--30)\"\/>\n\n\n\n<p class=\"has-system-serif-font-family has-large-font-size\"><strong>B\u01b0\u1edbc 2:<\/strong> <strong>Khuy\u1ebfn m\u00e3i<\/strong><\/p>\n\n\n\n<p class=\"has-contrast-1-color has-text-color has-link-color wp-elements-6219402bc702770eb80072702c440ded\">Qu\u1ea3ng b\u00e1 ph\u1ea7n m\u1ec1m Mango Animate tr\u00ean trang web ho\u1eb7c ph\u01b0\u01a1ng ti\u1ec7n truy\u1ec1n th\u00f4ng x\u00e3 h\u1ed9i c\u1ee7a b\u1ea1n.<\/p>\n\n\n\n<hr class=\"wp-block-separator has-text-color has-base-color has-alpha-channel-opacity has-base-background-color has-background is-style-wide\" style=\"margin-top:var(--wp--preset--spacing--30);margin-bottom:var(--wp--preset--spacing--30)\"\/>\n\n\n\n<p class=\"has-system-serif-font-family has-large-font-size\"><strong>B\u01b0\u1edbc 3:<\/strong> <strong>Ki\u1ebfm<\/strong><\/p>\n\n\n\n<p class=\"has-contrast-1-color has-text-color has-link-color wp-elements-20d6e1fe6778e00b7215625d48d9b5ec\">Ki\u1ebfm hoa h\u1ed3ng h\u1eadu h\u0129nh cho m\u1ed7i l\u1ea7n b\u00e1n h\u00e0ng th\u00f4ng qua li\u00ean k\u1ebft duy nh\u1ea5t c\u1ee7a b\u1ea1n.<\/p>\n\n\n\n<hr class=\"wp-block-separator has-text-color has-base-color has-alpha-channel-opacity has-base-background-color has-background is-style-wide\" style=\"margin-top:var(--wp--preset--spacing--30);margin-bottom:var(--wp--preset--spacing--30)\"\/>\n<\/div>\n<\/div>\n\n\n\n<div class=\"wp-block-group alignfull has-base-color has-contrast-background-color has-text-color has-background has-link-color has-medium-font-size wp-elements-475a5084ef54c9f749e09006a91d0692 has-global-padding is-layout-constrained wp-container-core-group-is-layout-c2be87e8 wp-block-group-is-layout-constrained\" style=\"margin-top:0;margin-bottom:0;padding-top:0;padding-right:0;padding-bottom:0;padding-left:0\">\n<div class=\"wp-block-group has-global-padding is-layout-constrained wp-container-core-group-is-layout-710e67a1 wp-block-group-is-layout-constrained\" style=\"margin-top:0;margin-bottom:var(--wp--preset--spacing--30);padding-top:0;padding-bottom:0\">\n<p class=\"has-text-align-center has-system-serif-font-family has-xx-large-font-size\" style=\"margin-right:0;margin-left:0;padding-top:0;padding-right:0px;padding-bottom:0;padding-left:0px\"><strong>L\u1ee3i \u00edch khi tr\u1edf th\u00e0nh \u0111\u1ed1i t\u00e1c li\u00ean k\u1ebft c\u1ee7a Mango Animate<\/strong><\/p>\n<\/div>\n\n\n\n<div class=\"wp-block-group has-global-padding is-layout-constrained wp-container-core-group-is-layout-8798a6cd wp-block-group-is-layout-constrained\" style=\"margin-top:0;margin-bottom:0;padding-right:0;padding-left:0\">\n<ul class=\"wp-block-list\">\n<li class=\"has-system-serif-font-family has-x-large-font-size\">T\u1ef7 l\u1ec7 hoa h\u1ed3ng 30%<\/li>\n\n\n\n<li class=\"has-system-serif-font-family has-x-large-font-size\">Cookie phi\u00ean 30 ng\u00e0y<\/li>\n\n\n\n<li class=\"has-system-serif-font-family has-x-large-font-size\">T\u1ef7 l\u1ec7 chuy\u1ec3n \u0111\u1ed5i cao<\/li>\n\n\n\n<li class=\"has-system-serif-font-family has-x-large-font-size\">\u01afu \u0111\u00e3i, bi\u1ec3u ng\u1eef &amp; li\u00ean k\u1ebft h\u1ea5p d\u1eabn<\/li>\n<\/ul>\n<\/div>\n<\/div>\n\n\n\n<div class=\"wp-block-group alignfull has-background has-xx-large-font-size is-vertical is-content-justification-center is-layout-flex wp-container-core-group-is-layout-fa7b033b wp-block-group-is-layout-flex\" style=\"border-radius:0px;background:linear-gradient(90deg,rgb(255,193,0) 3%,rgb(247,151,30) 100%);min-height:0px;margin-top:0px;margin-bottom:0px;padding-top:0rem;padding-right:0;padding-bottom:0rem;padding-left:0\">\n<div class=\"wp-block-group has-xx-large-font-size is-vertical is-layout-flex wp-container-core-group-is-layout-8af767ff wp-block-group-is-layout-flex\" style=\"padding-top:var(--wp--preset--spacing--40);padding-bottom:var(--wp--preset--spacing--30)\">\n<p class=\"has-text-align-center is-style-default has-contrast-color has-text-color has-system-serif-font-family has-xx-large-font-size\"><strong>B\u1eaft \u0111\u1ea7u ch\u01b0\u01a1ng tr\u00ecnh li\u00ean k\u1ebft c\u1ee7a ch\u00fang t\u00f4iQu\u1ea3n l\u00fd ch\u01b0\u01a1ng tr\u00ecnh li\u00ean k\u1ebft c\u1ee7a ch\u00fang t\u00f4i<\/strong><\/p>\n<\/div>\n\n\n\n<div class=\"wp-block-group is-vertical is-content-justification-left is-layout-flex wp-container-core-group-is-layout-7703bd7c wp-block-group-is-layout-flex\" style=\"padding-top:0;padding-bottom:var(--wp--preset--spacing--40)\">\n<div class=\"wp-block-buttons has-custom-font-size has-large-font-size is-layout-flex wp-container-core-buttons-is-layout-860f00c0 wp-block-buttons-is-layout-flex\" style=\"margin-top:0;margin-bottom:0\">\n<div class=\"wp-block-button has-custom-width wp-block-button__width-100\"><a class=\"wp-block-button__link has-text-align-center wp-element-button\" href=\"https:\/\/www.shareasale.com\/shareasale.cfm?merchantID=144282\" target=\"_blank\" rel=\"noreferrer noopener\">Tham gia ngay<\/a><\/div>\n<\/div>\n<\/div>\n<\/div>","protected":false},"excerpt":{"rendered":"<p>Ch\u01b0\u01a1ng tr\u00ecnh Ti\u1ebfp th\u1ecb Li\u00ean k\u1ebft Mango Animate. Tham gia Ch\u01b0\u01a1ng tr\u00ecnh Ti\u1ebfp th\u1ecb Li\u00ean k\u1ebft Mango Animate v\u00e0 Ki\u1ebfm h\u01a1n $3000 m\u1ed7i th\u00e1ng! B\u1eaft \u0111\u1ea7u Ki\u1ebfm ti\u1ec1n ch\u1ec9 v\u1edbi 3 B\u01b0\u1edbc \u0111\u01a1n gi\u1ea3n! B\u01b0\u1edbc 1: Tham gia. Tham gia ch\u01b0\u01a1ng tr\u00ecnh ti\u1ebfp th\u1ecb li\u00ean k\u1ebft Mango Animate v\u00e0 nh\u1eadn li\u00ean k\u1ebft \u0111\u1ed9c quy\u1ec1n c\u1ee7a b\u1ea1n. B\u01b0\u1edbc 2: Qu\u1ea3ng b\u00e1. Qu\u1ea3ng b\u00e1 ph\u1ea7n m\u1ec1m Mango Animate tr\u00ean trang web ho\u1eb7c m\u1ea1ng x\u00e3 h\u1ed9i c\u1ee7a b\u1ea1n. B\u01b0\u1edbc 3: Ki\u1ebfm ti\u1ec1n. Nh\u1eadn hoa h\u1ed3ng h\u1eadu h\u0129nh tr\u00ean [\u2026]<\/p>","protected":false},"author":4,"featured_media":0,"parent":0,"menu_order":0,"comment_status":"closed","ping_status":"closed","template":"page-no-title","meta":{"footnotes":""},"class_list":["post-14442","page","type-page","status-publish","hentry"],"yoast_head":"<!-- This site is optimized with the Yoast SEO plugin v24.3 - https:\/\/yoast.com\/wordpress\/plugins\/seo\/ -->\n<title>Boost Your Earnings with the Mango Animate Affiliate Program<\/title>\n<meta name=\"description\" content=\"Join the Mango Animate Affiliate Program today and unlock limitless earning potential. Earn generous commissions while promoting our animation software. Take advantage of our high-converting product and dedicated support to maximize your income. Join now and start monetizing your traffic!\" \/>\n<meta name=\"robots\" content=\"index, follow, max-snippet:-1, max-image-preview:large, max-video-preview:-1\" \/>\n<link rel=\"canonical\" href=\"https:\/\/mangoanimate.com\/blog\/vi\/wp-json\/wp\/v2\/pages\/14442\" \/>\n<meta property=\"og:locale\" content=\"vi_VN\" \/>\n<meta property=\"og:type\" content=\"article\" \/>\n<meta property=\"og:title\" content=\"Boost Your Earnings with the Mango Animate Affiliate Program\" \/>\n<meta property=\"og:description\" content=\"Join the Mango Animate Affiliate Program today and unlock limitless earning potential. Earn generous commissions while promoting our animation software. Take advantage of our high-converting product and dedicated support to maximize your income. Join now and start monetizing your traffic!\" \/>\n<meta property=\"og:url\" content=\"https:\/\/mangoanimate.com\/blog\/vi\/affiliate\/\" \/>\n<meta property=\"og:site_name\" content=\"Mango Animate\" \/>\n<meta property=\"article:publisher\" content=\"https:\/\/www.facebook.com\/MangoAnimate\/\" \/>\n<meta property=\"article:modified_time\" content=\"2024-12-10T06:46:06+00:00\" \/>\n<meta property=\"og:image\" content=\"https:\/\/mangoanimate.com\/blog2\/wp-content\/uploads\/2023\/08\/start_earn_money-1024x846.png\" \/>\n<meta name=\"twitter:card\" content=\"summary_large_image\" \/>\n<meta name=\"twitter:label1\" content=\"\u01af\u1edbc t\u00ednh th\u1eddi gian \u0111\u1ecdc\" \/>\n\t<meta name=\"twitter:data1\" content=\"1 ph\u00fat\" \/>\n<script type=\"application\/ld+json\" class=\"yoast-schema-graph\">{\"@context\":\"https:\/\/schema.org\",\"@graph\":[{\"@type\":\"WebPage\",\"@id\":\"https:\/\/mangoanimate.com\/blog\/affiliate\/\",\"url\":\"https:\/\/mangoanimate.com\/blog\/affiliate\/\",\"name\":\"Boost Your Earnings with the Mango Animate Affiliate Program\",\"isPartOf\":{\"@id\":\"https:\/\/mangoanimate.com\/blog\/#website\"},\"primaryImageOfPage\":{\"@id\":\"https:\/\/mangoanimate.com\/blog\/affiliate\/#primaryimage\"},\"image\":{\"@id\":\"https:\/\/mangoanimate.com\/blog\/affiliate\/#primaryimage\"},\"thumbnailUrl\":\"https:\/\/mangoanimate.com\/blog\/wp-content\/uploads\/2023\/08\/start_earn_money-1024x846.png\",\"datePublished\":\"2023-08-24T03:25:05+00:00\",\"dateModified\":\"2024-12-10T06:46:06+00:00\",\"description\":\"Join the Mango Animate Affiliate Program today and unlock limitless earning potential. Earn generous commissions while promoting our animation software. Take advantage of our high-converting product and dedicated support to maximize your income. Join now and start monetizing your traffic!\",\"breadcrumb\":{\"@id\":\"https:\/\/mangoanimate.com\/blog\/affiliate\/#breadcrumb\"},\"inLanguage\":\"vi\",\"potentialAction\":[{\"@type\":\"ReadAction\",\"target\":[\"https:\/\/mangoanimate.com\/blog\/affiliate\/\"]}]},{\"@type\":\"ImageObject\",\"inLanguage\":\"vi\",\"@id\":\"https:\/\/mangoanimate.com\/blog\/affiliate\/#primaryimage\",\"url\":\"https:\/\/mangoanimate.com\/blog\/wp-content\/uploads\/2023\/08\/start_earn_money-1024x846.png\",\"contentUrl\":\"https:\/\/mangoanimate.com\/blog\/wp-content\/uploads\/2023\/08\/start_earn_money-1024x846.png\"},{\"@type\":\"BreadcrumbList\",\"@id\":\"https:\/\/mangoanimate.com\/blog\/affiliate\/#breadcrumb\",\"itemListElement\":[{\"@type\":\"ListItem\",\"position\":1,\"name\":\"Home\",\"item\":\"https:\/\/mangoanimate.com\/blog\/\"},{\"@type\":\"ListItem\",\"position\":2,\"name\":\"Affiliate\"}]},{\"@type\":\"WebSite\",\"@id\":\"https:\/\/mangoanimate.com\/blog\/#website\",\"url\":\"https:\/\/mangoanimate.com\/blog\/\",\"name\":\"Mango Animate\",\"description\":\"Animated Businesss Video Tips, Ideas and More\",\"publisher\":{\"@id\":\"https:\/\/mangoanimate.com\/blog\/#organization\"},\"potentialAction\":[{\"@type\":\"SearchAction\",\"target\":{\"@type\":\"EntryPoint\",\"urlTemplate\":\"https:\/\/mangoanimate.com\/blog\/?s={search_term_string}\"},\"query-input\":{\"@type\":\"PropertyValueSpecification\",\"valueRequired\":true,\"valueName\":\"search_term_string\"}}],\"inLanguage\":\"vi\"},{\"@type\":\"Organization\",\"@id\":\"https:\/\/mangoanimate.com\/blog\/#organization\",\"name\":\"Mango Animate\",\"url\":\"https:\/\/mangoanimate.com\/blog\/\",\"logo\":{\"@type\":\"ImageObject\",\"inLanguage\":\"vi\",\"@id\":\"https:\/\/mangoanimate.com\/blog\/#\/schema\/logo\/image\/\",\"url\":\"https:\/\/mangoanimate.com\/blog\/wp-content\/uploads\/2024\/10\/Mango_Animate_logo_.webp\",\"contentUrl\":\"https:\/\/mangoanimate.com\/blog\/wp-content\/uploads\/2024\/10\/Mango_Animate_logo_.webp\",\"width\":240,\"height\":32,\"caption\":\"Mango Animate\"},\"image\":{\"@id\":\"https:\/\/mangoanimate.com\/blog\/#\/schema\/logo\/image\/\"},\"sameAs\":[\"https:\/\/www.facebook.com\/MangoAnimate\/\"]}]}<\/script>\n<!-- \/ Yoast SEO plugin. -->","yoast_head_json":{"title":"Boost Your Earnings with the Mango Animate Affiliate Program","description":"Join the Mango Animate Affiliate Program today and unlock limitless earning potential. Earn generous commissions while promoting our animation software. Take advantage of our high-converting product and dedicated support to maximize your income. Join now and start monetizing your traffic!","robots":{"index":"index","follow":"follow","max-snippet":"max-snippet:-1","max-image-preview":"max-image-preview:large","max-video-preview":"max-video-preview:-1"},"canonical":"https:\/\/mangoanimate.com\/blog\/vi\/wp-json\/wp\/v2\/pages\/14442","og_locale":"vi_VN","og_type":"article","og_title":"Boost Your Earnings with the Mango Animate Affiliate Program","og_description":"Join the Mango Animate Affiliate Program today and unlock limitless earning potential. Earn generous commissions while promoting our animation software. Take advantage of our high-converting product and dedicated support to maximize your income. Join now and start monetizing your traffic!","og_url":"https:\/\/mangoanimate.com\/blog\/vi\/affiliate\/","og_site_name":"Mango Animate","article_publisher":"https:\/\/www.facebook.com\/MangoAnimate\/","article_modified_time":"2024-12-10T06:46:06+00:00","og_image":[{"url":"https:\/\/mangoanimate.com\/blog2\/wp-content\/uploads\/2023\/08\/start_earn_money-1024x846.png","type":"","width":"","height":""}],"twitter_card":"summary_large_image","twitter_misc":{"\u01af\u1edbc t\u00ednh th\u1eddi gian \u0111\u1ecdc":"1 ph\u00fat"},"schema":{"@context":"https:\/\/schema.org","@graph":[{"@type":"WebPage","@id":"https:\/\/mangoanimate.com\/blog\/affiliate\/","url":"https:\/\/mangoanimate.com\/blog\/affiliate\/","name":"Boost Your Earnings with the Mango Animate Affiliate Program","isPartOf":{"@id":"https:\/\/mangoanimate.com\/blog\/#website"},"primaryImageOfPage":{"@id":"https:\/\/mangoanimate.com\/blog\/affiliate\/#primaryimage"},"image":{"@id":"https:\/\/mangoanimate.com\/blog\/affiliate\/#primaryimage"},"thumbnailUrl":"https:\/\/mangoanimate.com\/blog\/wp-content\/uploads\/2023\/08\/start_earn_money-1024x846.png","datePublished":"2023-08-24T03:25:05+00:00","dateModified":"2024-12-10T06:46:06+00:00","description":"Join the Mango Animate Affiliate Program today and unlock limitless earning potential. Earn generous commissions while promoting our animation software. Take advantage of our high-converting product and dedicated support to maximize your income. Join now and start monetizing your traffic!","breadcrumb":{"@id":"https:\/\/mangoanimate.com\/blog\/affiliate\/#breadcrumb"},"inLanguage":"vi","potentialAction":[{"@type":"ReadAction","target":["https:\/\/mangoanimate.com\/blog\/affiliate\/"]}]},{"@type":"ImageObject","inLanguage":"vi","@id":"https:\/\/mangoanimate.com\/blog\/affiliate\/#primaryimage","url":"https:\/\/mangoanimate.com\/blog\/wp-content\/uploads\/2023\/08\/start_earn_money-1024x846.png","contentUrl":"https:\/\/mangoanimate.com\/blog\/wp-content\/uploads\/2023\/08\/start_earn_money-1024x846.png"},{"@type":"BreadcrumbList","@id":"https:\/\/mangoanimate.com\/blog\/affiliate\/#breadcrumb","itemListElement":[{"@type":"ListItem","position":1,"name":"Home","item":"https:\/\/mangoanimate.com\/blog\/"},{"@type":"ListItem","position":2,"name":"Affiliate"}]},{"@type":"WebSite","@id":"https:\/\/mangoanimate.com\/blog\/#website","url":"https:\/\/mangoanimate.com\/blog\/","name":"Mango Animate","description":"Animated Businesss Video Tips, Ideas and More","publisher":{"@id":"https:\/\/mangoanimate.com\/blog\/#organization"},"potentialAction":[{"@type":"SearchAction","target":{"@type":"EntryPoint","urlTemplate":"https:\/\/mangoanimate.com\/blog\/?s={search_term_string}"},"query-input":{"@type":"PropertyValueSpecification","valueRequired":true,"valueName":"search_term_string"}}],"inLanguage":"vi"},{"@type":"Organization","@id":"https:\/\/mangoanimate.com\/blog\/#organization","name":"Mango Animate","url":"https:\/\/mangoanimate.com\/blog\/","logo":{"@type":"ImageObject","inLanguage":"vi","@id":"https:\/\/mangoanimate.com\/blog\/#\/schema\/logo\/image\/","url":"https:\/\/mangoanimate.com\/blog\/wp-content\/uploads\/2024\/10\/Mango_Animate_logo_.webp","contentUrl":"https:\/\/mangoanimate.com\/blog\/wp-content\/uploads\/2024\/10\/Mango_Animate_logo_.webp","width":240,"height":32,"caption":"Mango Animate"},"image":{"@id":"https:\/\/mangoanimate.com\/blog\/#\/schema\/logo\/image\/"},"sameAs":["https:\/\/www.facebook.com\/MangoAnimate\/"]}]}},"_links":{"self":[{"href":"https:\/\/mangoanimate.com\/blog\/vi\/wp-json\/wp\/v2\/pages\/14442","targetHints":{"allow":["GET"]}}],"collection":[{"href":"https:\/\/mangoanimate.com\/blog\/vi\/wp-json\/wp\/v2\/pages"}],"about":[{"href":"https:\/\/mangoanimate.com\/blog\/vi\/wp-json\/wp\/v2\/types\/page"}],"author":[{"embeddable":true,"href":"https:\/\/mangoanimate.com\/blog\/vi\/wp-json\/wp\/v2\/users\/4"}],"replies":[{"embeddable":true,"href":"https:\/\/mangoanimate.com\/blog\/vi\/wp-json\/wp\/v2\/comments?post=14442"}],"version-history":[{"count":1,"href":"https:\/\/mangoanimate.com\/blog\/vi\/wp-json\/wp\/v2\/pages\/14442\/revisions"}],"predecessor-version":[{"id":20978,"href":"https:\/\/mangoanimate.com\/blog\/vi\/wp-json\/wp\/v2\/pages\/14442\/revisions\/20978"}],"wp:attachment":[{"href":"https:\/\/mangoanimate.com\/blog\/vi\/wp-json\/wp\/v2\/media?parent=14442"}],"curies":[{"name":"wp","href":"https:\/\/api.w.org\/{rel}","templated":true}]}}