{"id":14353,"date":"2023-08-16T09:51:31","date_gmt":"2023-08-16T09:51:31","guid":{"rendered":"https:\/\/mangoanimate.com\/blog\/?page_id=14353"},"modified":"2025-12-31T02:50:54","modified_gmt":"2025-12-31T02:50:54","slug":"pm-template","status":"publish","type":"page","link":"https:\/\/mangoanimate.com\/blog\/ro\/pm-sablon\/","title":{"rendered":"\u0218ablon PM"},"content":{"rendered":"<div class=\"wp-block-group alignfull has-background has-global-padding is-layout-constrained wp-container-core-group-is-layout-12a9a015 wp-block-group-is-layout-constrained\" style=\"background:linear-gradient(90deg,rgb(255,193,0) 0%,rgb(247,151,30) 100%);min-height:550px;margin-top:0px;margin-bottom:0px;padding-top:4.5rem;padding-bottom:4.5rem\">\n<div class=\"wp-block-columns alignwide are-vertically-aligned-center is-layout-flex wp-container-core-columns-is-layout-bbf5aed7 wp-block-columns-is-layout-flex\" style=\"margin-top:3.8rem;margin-bottom:3.8rem\">\n<div class=\"wp-block-column is-vertically-aligned-center has-global-padding is-content-justification-center is-layout-constrained wp-container-core-column-is-layout-a4aadf48 wp-block-column-is-layout-constrained\" style=\"padding-top:0;padding-right:0;padding-bottom:0;padding-left:0;flex-basis:55%\">\n<p class=\"has-xx-large-font-size\"><strong>Cel mai bun software de prezent\u0103ri animate<\/strong><\/p>\n\n\n\n<p class=\"has-medium-font-size\" style=\"padding-right:var(--wp--preset--spacing--40);padding-left:0\">\u00cencepe\u021bi cu un \u0219ablon de prezentare pre-proiectat, apoi introduce\u021bi con\u021binutul \u0219i con\u021binutul media, cum ar fi imagini, videoclipuri, diagrame \u0219i multe altele. Mango PM aduce ideile tale la via\u021b\u0103 la fel de captivante pe m\u0103sur\u0103 ce povestea se desf\u0103\u0219oar\u0103 \u00een fa\u021ba publicului t\u0103u.<\/p>\n\n\n\n<div class=\"wp-block-buttons has-custom-font-size has-medium-font-size is-layout-flex wp-block-buttons-is-layout-flex\">\n<div class=\"wp-block-button\"><a class=\"wp-block-button__link wp-element-button\" href=\"https:\/\/mangoanimate.com\/download\/app?appId=6&amp;os=1&amp;bit=64\" target=\"_blank\" rel=\"noreferrer noopener\">Descarc\u0103 acum<\/a><\/div>\n\n\n\n<div class=\"wp-block-button is-style-outline is-style-outline--1\"><a class=\"wp-block-button__link wp-element-button\" href=\"https:\/\/mangoanimate.com\/store\/app\/pm\" target=\"_blank\" rel=\"noreferrer noopener\">Cump\u0103r\u0103 acum<\/a><\/div>\n<\/div>\n<\/div>\n\n\n\n<div class=\"wp-block-column is-vertically-aligned-center has-global-padding is-content-justification-center is-layout-constrained wp-container-core-column-is-layout-6951b2a3 wp-block-column-is-layout-constrained\" style=\"flex-basis:45%\">\n<figure class=\"wp-block-embed is-type-video is-provider-youtube wp-block-embed-youtube wp-embed-aspect-16-9 wp-has-aspect-ratio\"><div class=\"wp-block-embed__wrapper\">\n<iframe loading=\"lazy\" title=\"Produs de prezentare Mango | Crea\u021bi prezent\u0103ri animate ca un profesionist\" width=\"500\" height=\"281\" src=\"https:\/\/www.youtube.com\/embed\/AGCPhAV8qzs?feature=oembed\" frameborder=\"0\" allow=\"accelerometer; autoplay; clipboard-write; encrypted-media; gyroscope; picture-in-picture; web-share\" referrerpolicy=\"strict-origin-when-cross-origin\" allowfullscreen><\/iframe>\n<\/div><\/figure>\n<\/div>\n<\/div>\n<\/div>\n\n\n\n<div class=\"wp-block-group alignfull has-base-background-color has-background has-global-padding is-layout-constrained wp-container-core-group-is-layout-17fd0fd4 wp-block-group-is-layout-constrained\" style=\"min-height:280px;margin-top:0;margin-bottom:0;padding-top:var(--wp--preset--spacing--50);padding-right:var(--wp--preset--spacing--30);padding-bottom:var(--wp--preset--spacing--50);padding-left:var(--wp--preset--spacing--30)\">\n<div class=\"wp-block-columns alignwide is-layout-flex wp-container-core-columns-is-layout-1146dd41 wp-block-columns-is-layout-flex\" style=\"padding-right:0;padding-left:0\">\n<div class=\"wp-block-column is-layout-flow wp-block-column-is-layout-flow\" style=\"flex-basis:280px\">\n<figure style=\"padding-top:0;padding-bottom:0\" class=\"wp-block-video\"><video controls src=\"http:\/\/files.mangoanimate.com\/mangoanimate\/image\/product\/pm\/Teaching_Courses.mp4\"><\/video><\/figure>\n\n\n\n<div class=\"wp-block-group is-vertical is-content-justification-center is-nowrap is-layout-flex wp-container-core-group-is-layout-21d4e958 wp-block-group-is-layout-flex\">\n<p class=\"has-text-align-center has-large-font-size\" style=\"padding-top:var(--wp--preset--spacing--10);padding-bottom:var(--wp--preset--spacing--10);line-height:1.5\"><strong>Predare<\/strong><\/p>\n\n\n\n<p class=\"has-text-align-center has-medium-font-size\">Explora\u021bi produsele noastre pentru a afla mai multe despre op\u021biunile dvs. de asigurare \u0219i pentru a primi o cota\u021bie \u00een c\u00e2teva minute.<\/p>\n<\/div>\n<\/div>\n\n\n\n<div class=\"wp-block-column is-layout-flow wp-block-column-is-layout-flow\" style=\"flex-basis:280px\">\n<figure class=\"wp-block-video\"><video controls src=\"http:\/\/files.mangoanimate.com\/mangoanimate\/image\/product\/pm\/Event_Planning.mp4\"><\/video><\/figure>\n\n\n\n<div class=\"wp-block-group is-vertical is-content-justification-center is-nowrap is-layout-flex wp-container-core-group-is-layout-63bfd6c1 wp-block-group-is-layout-flex\">\n<p class=\"has-text-align-center has-large-font-size\" style=\"padding-top:var(--wp--preset--spacing--10);padding-bottom:var(--wp--preset--spacing--10)\"><strong>Eveniment<\/strong><\/p>\n\n\n\n<p class=\"has-text-align-center has-medium-font-size\">Explora\u021bi produsele noastre pentru a afla mai multe despre op\u021biunile dvs. de asigurare \u0219i pentru a primi o cota\u021bie \u00een c\u00e2teva minute.<\/p>\n<\/div>\n<\/div>\n\n\n\n<div class=\"wp-block-column is-layout-flow wp-block-column-is-layout-flow\" style=\"flex-basis:280px\">\n<figure class=\"wp-block-video\"><video controls src=\"http:\/\/files.mangoanimate.com\/mangoanimate\/image\/product\/pm\/Annual_Report.mp4\"><\/video><\/figure>\n\n\n\n<div class=\"wp-block-group is-vertical is-content-justification-center is-nowrap is-layout-flex wp-container-core-group-is-layout-63bfd6c1 wp-block-group-is-layout-flex\">\n<p class=\"has-text-align-center has-large-font-size\" style=\"padding-top:var(--wp--preset--spacing--10);padding-bottom:var(--wp--preset--spacing--10)\"><strong>Raport<\/strong><\/p>\n\n\n\n<p class=\"has-text-align-center has-medium-font-size\">Explora\u021bi produsele noastre pentru a afla mai multe despre op\u021biunile dvs. de asigurare \u0219i pentru a primi o cota\u021bie \u00een c\u00e2teva minute.<\/p>\n<\/div>\n<\/div>\n\n\n\n<div class=\"wp-block-column is-layout-flow wp-block-column-is-layout-flow\" style=\"flex-basis:280px\">\n<figure class=\"wp-block-video\"><video controls src=\"http:\/\/files.mangoanimate.com\/mangoanimate\/image\/product\/pm\/Product_Marketing.mp4\"><\/video><\/figure>\n\n\n\n<div class=\"wp-block-group is-vertical is-content-justification-center is-nowrap is-layout-flex wp-container-core-group-is-layout-21d4e958 wp-block-group-is-layout-flex\">\n<p class=\"has-text-align-center has-large-font-size\" style=\"padding-top:var(--wp--preset--spacing--10);padding-bottom:var(--wp--preset--spacing--10)\"><strong>Produs<\/strong><\/p>\n\n\n\n<p class=\"has-text-align-center has-medium-font-size\">Explora\u021bi produsele noastre pentru a afla mai multe despre op\u021biunile dvs. de asigurare \u0219i pentru a primi o cota\u021bie \u00een c\u00e2teva minute.<\/p>\n<\/div>\n<\/div>\n<\/div>\n<\/div>\n\n\n\n<div class=\"wp-block-group has-base-background-color has-background has-global-padding is-layout-constrained wp-container-core-group-is-layout-37c86dbe wp-block-group-is-layout-constrained\" style=\"margin-top:0;margin-bottom:0;padding-top:var(--wp--preset--spacing--10);padding-right:0;padding-bottom:0;padding-left:0\">\n<p class=\"has-text-align-center has-base-background-color has-background has-xx-large-font-size\"><strong>Aduce\u021bi-v\u0103 prezentarea la via\u021b\u0103<\/strong><\/p>\n<\/div>\n\n\n\n<div class=\"wp-block-media-text alignwide has-media-on-the-right is-stacked-on-mobile is-vertically-aligned-center has-base-background-color has-background\" style=\"margin-right:0;margin-left:0;padding-top:var(--wp--preset--spacing--50);padding-right:6.6%;padding-bottom:var(--wp--preset--spacing--50);padding-left:6.6%\"><div class=\"wp-block-media-text__content\">\n<div class=\"wp-block-group has-global-padding is-layout-constrained wp-container-core-group-is-layout-e953a37d wp-block-group-is-layout-constrained\" style=\"padding-top:2em;padding-right:0em;padding-bottom:2em;padding-left:0em\">\n<p style=\"font-size:clamp(22.041px, 1.378rem + ((1vw - 3.2px) * 1.454), 36px);line-height:1.2\"><strong>V\u0103 avem acoperit<\/strong><\/p>\n\n\n\n<p style=\"font-size:clamp(14px, 0.875rem + ((1vw - 3.2px) * 0.417), 18px);px\">Cu abordarea noastr\u0103 modern\u0103 a asigur\u0103rilor, nu a existat niciodat\u0103 o modalitate mai confortabil\u0103 de a v\u0103 proteja. Al\u0103tura\u021bi-v\u0103 familiei United \u0219i \u00eencepe\u021bi s\u0103 tr\u0103i\u021bi o via\u021b\u0103 f\u0103r\u0103 stres.<\/p>\n<\/div>\n<\/div><figure class=\"wp-block-media-text__media\"><img loading=\"lazy\" decoding=\"async\" width=\"720\" height=\"442\" src=\"https:\/\/mangoanimate.com\/blog\/wp-content\/uploads\/2024\/04\/\u6d77\u91cf\u7d20\u67504\u538b\u7f29.gif\" alt=\"\" class=\"wp-image-16665 size-full\"\/><\/figure><\/div>\n\n\n\n<div class=\"wp-block-media-text alignwide is-stacked-on-mobile is-vertically-aligned-center has-base-background-color has-background\" style=\"margin-right:0;margin-left:0;padding-top:var(--wp--preset--spacing--50);padding-right:6.6%;padding-bottom:var(--wp--preset--spacing--50);padding-left:6.6%\"><figure class=\"wp-block-media-text__media\"><img loading=\"lazy\" decoding=\"async\" width=\"720\" height=\"442\" src=\"https:\/\/mangoanimate.com\/blog\/wp-content\/uploads\/2024\/01\/\u52a8\u753b\u89d2\u82724\u538b\u7f29.gif\" alt=\"\" class=\"wp-image-16483 size-full\"\/><\/figure><div class=\"wp-block-media-text__content\">\n<div class=\"wp-block-group has-global-padding is-layout-constrained wp-container-core-group-is-layout-e953a37d wp-block-group-is-layout-constrained\" style=\"padding-top:2em;padding-right:0em;padding-bottom:2em;padding-left:0em\">\n<p style=\"font-size:clamp(22.041px, 1.378rem + ((1vw - 3.2px) * 1.454), 36px);line-height:1.2\"><strong>V\u0103 avem acoperit<\/strong><\/p>\n\n\n\n<p style=\"font-size:clamp(14px, 0.875rem + ((1vw - 3.2px) * 0.417), 18px);px\">Cu abordarea noastr\u0103 modern\u0103 a asigur\u0103rilor, nu a existat niciodat\u0103 o modalitate mai confortabil\u0103 de a v\u0103 proteja. Al\u0103tura\u021bi-v\u0103 familiei United \u0219i \u00eencepe\u021bi s\u0103 tr\u0103i\u021bi o via\u021b\u0103 f\u0103r\u0103 stres.<\/p>\n<\/div>\n<\/div><\/div>\n\n\n\n<div class=\"wp-block-media-text alignwide has-media-on-the-right is-stacked-on-mobile is-vertically-aligned-center has-base-background-color has-background\" style=\"margin-right:0;margin-left:0;padding-top:var(--wp--preset--spacing--50);padding-right:6.6%;padding-bottom:var(--wp--preset--spacing--50);padding-left:6.6%\"><div class=\"wp-block-media-text__content\">\n<div class=\"wp-block-group has-global-padding is-layout-constrained wp-container-core-group-is-layout-e953a37d wp-block-group-is-layout-constrained\" style=\"padding-top:2em;padding-right:0em;padding-bottom:2em;padding-left:0em\">\n<p style=\"font-size:clamp(22.041px, 1.378rem + ((1vw - 3.2px) * 1.454), 36px);line-height:1.2\"><strong>V\u0103 avem acoperit<\/strong><\/p>\n\n\n\n<p style=\"font-size:clamp(14px, 0.875rem + ((1vw - 3.2px) * 0.417), 18px);px\">Cu abordarea noastr\u0103 modern\u0103 a asigur\u0103rilor, nu a existat niciodat\u0103 o modalitate mai confortabil\u0103 de a v\u0103 proteja. Al\u0103tura\u021bi-v\u0103 familiei United \u0219i \u00eencepe\u021bi s\u0103 tr\u0103i\u021bi o via\u021b\u0103 f\u0103r\u0103 stres.<\/p>\n<\/div>\n<\/div><figure class=\"wp-block-media-text__media\"><img loading=\"lazy\" decoding=\"async\" width=\"720\" height=\"442\" src=\"https:\/\/mangoanimate.com\/blog\/wp-content\/uploads\/2023\/10\/\u6d77\u91cf\u6a21\u677f3\u538b\u7f29-1.gif\" alt=\"\" class=\"wp-image-15417 size-full\"\/><\/figure><\/div>\n\n\n\n<div class=\"wp-block-group alignfull has-base-color has-base-2-background-color has-text-color has-background has-link-color wp-elements-462bb71d361f226186b0befce5215acc has-global-padding is-layout-constrained wp-container-core-group-is-layout-0741e270 wp-block-group-is-layout-constrained\" style=\"margin-top:0;margin-bottom:0;padding-top:var(--wp--preset--spacing--50);padding-right:0;padding-bottom:var(--wp--preset--spacing--50);padding-left:0\">\n<p class=\"has-text-align-center has-contrast-color has-base-2-background-color has-text-color has-background has-link-color has-xx-large-font-size wp-elements-66add3da0a6b5344e1972e3998a23dd5\" style=\"margin-top:0;margin-bottom:0;padding-top:var(--wp--preset--spacing--10);padding-right:0;padding-bottom:var(--wp--preset--spacing--30);padding-left:0\"><strong>\u00centreb\u0103ri frecvente<\/strong><\/p>\n\n\n\n<p class=\"has-contrast-color has-text-color has-link-color has-medium-font-size wp-elements-be2586d83a0d9d78460e4af3658c174c\">Lucruri pe care a\u021bi putea dori s\u0103 le \u0219ti\u021bi despre Mango PM pentru a v\u0103 finaliza prezentarea. Pentru \u00eentreb\u0103ri despre func\u021bionare, pute\u021bi g\u0103si r\u0103spunsuri \u00een sec\u021biunea noastr\u0103 <a href=\"https:\/\/help.mangoanimate.com\/ro\/\">centru de asisten\u021b\u0103<\/a> sau <a href=\"https:\/\/mangoanimate.com\/contact\">contacta\u0163i-ne<\/a> pentru a rezolva lucrurile.<\/p>\n\n\n\n<div class=\"wp-block-group has-contrast-color has-text-color has-link-color wp-elements-0303065b4e502c70dc25fd46c6c4609d has-global-padding is-layout-constrained wp-container-core-group-is-layout-530ec779 wp-block-group-is-layout-constrained\">\n<hr class=\"wp-block-separator has-text-color has-contrast-color has-alpha-channel-opacity has-contrast-background-color has-background is-style-wide\" style=\"margin-top:var(--wp--preset--spacing--30);margin-bottom:var(--wp--preset--spacing--30)\"\/>\n\n\n\n<p class=\"has-contrast-color has-text-color has-link-color has-system-serif-font-family has-large-font-size wp-elements-965404d49959c760c5955dff400e497b\">Ce face Mango PM diferit de al\u021bi produc\u0103tori de prezent\u0103ri?<\/p>\n\n\n\n<p class=\"has-contrast-1-color has-text-color has-link-color wp-elements-81fd8efc3e0bcdfc6e7cb9d59ed515c0\">Lorem ipsum dolor sit amet, consectetur adipiscing elit. Ut elit tellus, luctus nec ullamcorper mattis, pulvinar dapibus leo.<\/p>\n\n\n\n<hr class=\"wp-block-separator has-text-color has-contrast-color has-alpha-channel-opacity has-contrast-background-color has-background is-style-wide\" style=\"margin-top:var(--wp--preset--spacing--30);margin-bottom:var(--wp--preset--spacing--30)\"\/>\n\n\n\n<p class=\"has-contrast-color has-text-color has-link-color has-system-serif-font-family has-large-font-size wp-elements-880cafa1defcb2e39cb8d16505925a38\">C\u00e2t timp dureaz\u0103 crearea unei prezent\u0103ri de diapozitive \u00een Mango PM?<\/p>\n\n\n\n<p class=\"has-contrast-1-color has-text-color has-link-color wp-elements-81fd8efc3e0bcdfc6e7cb9d59ed515c0\">Lorem ipsum dolor sit amet, consectetur adipiscing elit. Ut elit tellus, luctus nec ullamcorper mattis, pulvinar dapibus leo.<\/p>\n\n\n\n<hr class=\"wp-block-separator has-text-color has-contrast-color has-alpha-channel-opacity has-contrast-background-color has-background is-style-wide\" style=\"margin-top:var(--wp--preset--spacing--30);margin-bottom:var(--wp--preset--spacing--30)\"\/>\n\n\n\n<p class=\"has-contrast-color has-text-color has-link-color has-system-serif-font-family has-large-font-size wp-elements-3361bf3c9a8416c5ada08f9c8acea98d\">Pot desc\u0103rca diapozitivele pe care le-am f\u0103cut \u00een Mango PM?<\/p>\n\n\n\n<p class=\"has-contrast-1-color has-text-color has-link-color wp-elements-81fd8efc3e0bcdfc6e7cb9d59ed515c0\">Lorem ipsum dolor sit amet, consectetur adipiscing elit. Ut elit tellus, luctus nec ullamcorper mattis, pulvinar dapibus leo.<\/p>\n\n\n\n<hr class=\"wp-block-separator has-text-color has-contrast-color has-alpha-channel-opacity has-contrast-background-color has-background is-style-wide\" style=\"margin-top:var(--wp--preset--spacing--30);margin-bottom:var(--wp--preset--spacing--30)\"\/>\n\n\n\n<p class=\"has-contrast-color has-text-color has-link-color has-system-serif-font-family has-large-font-size wp-elements-500f3531965f5ec3b39baba0249ac122\">Mango PM este gratuit?<\/p>\n\n\n\n<p class=\"has-contrast-1-color has-text-color has-link-color wp-elements-f23e0a8132e818e48c8842cfb166f7e8\">Desc\u0103rca\u021bi designul animat final ca fi\u0219ier mp4 sau publica\u021bi-l \u00een cloud direct prin interfa\u021ba Mango Animate Animation Maker.<\/p>\n\n\n\n<div style=\"margin-top:var(--wp--preset--spacing--10);margin-bottom:0;height:var(--wp--preset--spacing--10)\" aria-hidden=\"true\" class=\"wp-block-spacer\"><\/div>\n<\/div>\n<\/div>\n\n\n\n<div class=\"wp-block-columns has-blush-light-purple-gradient-background has-background is-layout-flex wp-container-core-columns-is-layout-28f84493 wp-block-columns-is-layout-flex\">\n<div class=\"wp-block-column is-layout-flow wp-block-column-is-layout-flow\" style=\"flex-basis:100%\">\n<br>\n\n\n\n<div class=\"wp-block-group has-global-padding is-layout-constrained wp-container-core-group-is-layout-530ec779 wp-block-group-is-layout-constrained\">\n<p class=\"has-text-align-center\" style=\"padding-top:0;padding-right:var(--wp--preset--spacing--10);padding-bottom:0;padding-left:var(--wp--preset--spacing--10);font-size:clamp(24.034px, 1.502rem + ((1vw - 3.2px) * 1.663), 40px);font-style:normal;font-weight:700\">\u00cencepe\u021bi s\u0103 crea\u021bi cu u\u0219urin\u021b\u0103 prezent\u0103ri animate<\/p>\n\n\n\n<br>\n\n\n\n<div class=\"wp-block-buttons has-custom-font-size has-medium-font-size is-content-justification-center is-layout-flex wp-container-core-buttons-is-layout-a89b3969 wp-block-buttons-is-layout-flex\">\n<div class=\"wp-block-button\"><a class=\"wp-block-button__link has-white-color has-black-background-color has-text-color has-background wp-element-button\" href=\"https:\/\/mangoanimate.com\/download\/app?appId=6&amp;os=1&amp;bit=64&amp;utm_source=blog&amp;utm_medium=post&amp;utm_campaign=cta\">Desc\u0103rca\u021bi pentru Windows<\/a><\/div>\n\n\n\n<div class=\"wp-block-button\"><a class=\"wp-block-button__link has-white-color has-black-background-color has-text-color has-background wp-element-button\" href=\"https:\/\/mangoanimate.com\/download\/app?appId=7&amp;os=2&amp;bit=64&amp;utm_source=blog&amp;utm_medium=post&amp;utm_campaign=cta\">Desc\u0103rca\u021bi pentru Mac<\/a><\/div>\n<\/div>\n<\/div>\n\n\n\n<br>\n<\/div>\n<\/div>\n\n\n\n<p><\/p>","protected":false},"excerpt":{"rendered":"<p>Cel mai bun software de prezentare animat\u0103 \u00cencepe\u021bi cu un \u0219ablon de prezentare predefinit, apoi ad\u0103uga\u021bi con\u021binutul \u0219i materialele media, cum ar fi imagini, videoclipuri, diagrame \u0219i multe altele. Mango PM v\u0103 aduce ideile la via\u021b\u0103, fiind captivante pe m\u0103sur\u0103 ce povestea se desf\u0103\u0219oar\u0103 \u00een fa\u021ba publicului. Predare Explora\u021bi produsele noastre pentru a afla mai multe despre op\u021biunile dvs. de asigurare, [\u2026]<\/p>","protected":false},"author":5,"featured_media":0,"parent":0,"menu_order":0,"comment_status":"closed","ping_status":"closed","template":"post-full-wide","meta":{"footnotes":""},"class_list":["post-14353","page","type-page","status-publish","hentry"],"yoast_head":"<!-- This site is optimized with the Yoast SEO plugin v24.3 - https:\/\/yoast.com\/wordpress\/plugins\/seo\/ -->\n<title>PM Template - Mango Animate<\/title>\n<meta name=\"robots\" content=\"index, follow, max-snippet:-1, max-image-preview:large, max-video-preview:-1\" \/>\n<link rel=\"canonical\" href=\"https:\/\/mangoanimate.com\/blog\/ro\/wp-json\/wp\/v2\/pages\/14353\" \/>\n<meta property=\"og:locale\" content=\"ro_RO\" \/>\n<meta property=\"og:type\" content=\"article\" \/>\n<meta property=\"og:title\" content=\"PM Template - Mango Animate\" \/>\n<meta property=\"og:url\" content=\"https:\/\/mangoanimate.com\/blog\/ro\/pm-sablon\/\" \/>\n<meta property=\"og:site_name\" content=\"Mango Animate\" \/>\n<meta property=\"article:publisher\" content=\"https:\/\/www.facebook.com\/MangoAnimate\/\" \/>\n<meta property=\"article:modified_time\" content=\"2025-12-31T02:50:54+00:00\" \/>\n<meta name=\"twitter:card\" content=\"summary_large_image\" \/>\n<meta name=\"twitter:label1\" content=\"Timp estimat pentru citire\" \/>\n\t<meta name=\"twitter:data1\" content=\"3 minute\" \/>\n<script type=\"application\/ld+json\" class=\"yoast-schema-graph\">{\"@context\":\"https:\/\/schema.org\",\"@graph\":[{\"@type\":\"WebPage\",\"@id\":\"https:\/\/mangoanimate.com\/blog\/pm-template\/\",\"url\":\"https:\/\/mangoanimate.com\/blog\/pm-template\/\",\"name\":\"PM Template - Mango Animate\",\"isPartOf\":{\"@id\":\"https:\/\/mangoanimate.com\/blog\/#website\"},\"datePublished\":\"2023-08-16T09:51:31+00:00\",\"dateModified\":\"2025-12-31T02:50:54+00:00\",\"breadcrumb\":{\"@id\":\"https:\/\/mangoanimate.com\/blog\/pm-template\/#breadcrumb\"},\"inLanguage\":\"ro-RO\",\"potentialAction\":[{\"@type\":\"ReadAction\",\"target\":[\"https:\/\/mangoanimate.com\/blog\/pm-template\/\"]}]},{\"@type\":\"BreadcrumbList\",\"@id\":\"https:\/\/mangoanimate.com\/blog\/pm-template\/#breadcrumb\",\"itemListElement\":[{\"@type\":\"ListItem\",\"position\":1,\"name\":\"Home\",\"item\":\"https:\/\/mangoanimate.com\/blog\/\"},{\"@type\":\"ListItem\",\"position\":2,\"name\":\"PM Template\"}]},{\"@type\":\"WebSite\",\"@id\":\"https:\/\/mangoanimate.com\/blog\/#website\",\"url\":\"https:\/\/mangoanimate.com\/blog\/\",\"name\":\"Mango Animate\",\"description\":\"Animated Businesss Video Tips, Ideas and More\",\"publisher\":{\"@id\":\"https:\/\/mangoanimate.com\/blog\/#organization\"},\"potentialAction\":[{\"@type\":\"SearchAction\",\"target\":{\"@type\":\"EntryPoint\",\"urlTemplate\":\"https:\/\/mangoanimate.com\/blog\/?s={search_term_string}\"},\"query-input\":{\"@type\":\"PropertyValueSpecification\",\"valueRequired\":true,\"valueName\":\"search_term_string\"}}],\"inLanguage\":\"ro-RO\"},{\"@type\":\"Organization\",\"@id\":\"https:\/\/mangoanimate.com\/blog\/#organization\",\"name\":\"Mango Animate\",\"url\":\"https:\/\/mangoanimate.com\/blog\/\",\"logo\":{\"@type\":\"ImageObject\",\"inLanguage\":\"ro-RO\",\"@id\":\"https:\/\/mangoanimate.com\/blog\/#\/schema\/logo\/image\/\",\"url\":\"https:\/\/mangoanimate.com\/blog\/wp-content\/uploads\/2024\/10\/Mango_Animate_logo_.webp\",\"contentUrl\":\"https:\/\/mangoanimate.com\/blog\/wp-content\/uploads\/2024\/10\/Mango_Animate_logo_.webp\",\"width\":240,\"height\":32,\"caption\":\"Mango Animate\"},\"image\":{\"@id\":\"https:\/\/mangoanimate.com\/blog\/#\/schema\/logo\/image\/\"},\"sameAs\":[\"https:\/\/www.facebook.com\/MangoAnimate\/\"]}]}<\/script>\n<!-- \/ Yoast SEO plugin. -->","yoast_head_json":{"title":"PM Template - Mango Animate","robots":{"index":"index","follow":"follow","max-snippet":"max-snippet:-1","max-image-preview":"max-image-preview:large","max-video-preview":"max-video-preview:-1"},"canonical":"https:\/\/mangoanimate.com\/blog\/ro\/wp-json\/wp\/v2\/pages\/14353","og_locale":"ro_RO","og_type":"article","og_title":"PM Template - Mango Animate","og_url":"https:\/\/mangoanimate.com\/blog\/ro\/pm-sablon\/","og_site_name":"Mango Animate","article_publisher":"https:\/\/www.facebook.com\/MangoAnimate\/","article_modified_time":"2025-12-31T02:50:54+00:00","twitter_card":"summary_large_image","twitter_misc":{"Timp estimat pentru citire":"3 minute"},"schema":{"@context":"https:\/\/schema.org","@graph":[{"@type":"WebPage","@id":"https:\/\/mangoanimate.com\/blog\/pm-template\/","url":"https:\/\/mangoanimate.com\/blog\/pm-template\/","name":"PM Template - Mango Animate","isPartOf":{"@id":"https:\/\/mangoanimate.com\/blog\/#website"},"datePublished":"2023-08-16T09:51:31+00:00","dateModified":"2025-12-31T02:50:54+00:00","breadcrumb":{"@id":"https:\/\/mangoanimate.com\/blog\/pm-template\/#breadcrumb"},"inLanguage":"ro-RO","potentialAction":[{"@type":"ReadAction","target":["https:\/\/mangoanimate.com\/blog\/pm-template\/"]}]},{"@type":"BreadcrumbList","@id":"https:\/\/mangoanimate.com\/blog\/pm-template\/#breadcrumb","itemListElement":[{"@type":"ListItem","position":1,"name":"Home","item":"https:\/\/mangoanimate.com\/blog\/"},{"@type":"ListItem","position":2,"name":"PM Template"}]},{"@type":"WebSite","@id":"https:\/\/mangoanimate.com\/blog\/#website","url":"https:\/\/mangoanimate.com\/blog\/","name":"Mango Animate","description":"Animated Businesss Video Tips, Ideas and More","publisher":{"@id":"https:\/\/mangoanimate.com\/blog\/#organization"},"potentialAction":[{"@type":"SearchAction","target":{"@type":"EntryPoint","urlTemplate":"https:\/\/mangoanimate.com\/blog\/?s={search_term_string}"},"query-input":{"@type":"PropertyValueSpecification","valueRequired":true,"valueName":"search_term_string"}}],"inLanguage":"ro-RO"},{"@type":"Organization","@id":"https:\/\/mangoanimate.com\/blog\/#organization","name":"Mango Animate","url":"https:\/\/mangoanimate.com\/blog\/","logo":{"@type":"ImageObject","inLanguage":"ro-RO","@id":"https:\/\/mangoanimate.com\/blog\/#\/schema\/logo\/image\/","url":"https:\/\/mangoanimate.com\/blog\/wp-content\/uploads\/2024\/10\/Mango_Animate_logo_.webp","contentUrl":"https:\/\/mangoanimate.com\/blog\/wp-content\/uploads\/2024\/10\/Mango_Animate_logo_.webp","width":240,"height":32,"caption":"Mango Animate"},"image":{"@id":"https:\/\/mangoanimate.com\/blog\/#\/schema\/logo\/image\/"},"sameAs":["https:\/\/www.facebook.com\/MangoAnimate\/"]}]}},"_links":{"self":[{"href":"https:\/\/mangoanimate.com\/blog\/ro\/wp-json\/wp\/v2\/pages\/14353","targetHints":{"allow":["GET"]}}],"collection":[{"href":"https:\/\/mangoanimate.com\/blog\/ro\/wp-json\/wp\/v2\/pages"}],"about":[{"href":"https:\/\/mangoanimate.com\/blog\/ro\/wp-json\/wp\/v2\/types\/page"}],"author":[{"embeddable":true,"href":"https:\/\/mangoanimate.com\/blog\/ro\/wp-json\/wp\/v2\/users\/5"}],"replies":[{"embeddable":true,"href":"https:\/\/mangoanimate.com\/blog\/ro\/wp-json\/wp\/v2\/comments?post=14353"}],"version-history":[{"count":14,"href":"https:\/\/mangoanimate.com\/blog\/ro\/wp-json\/wp\/v2\/pages\/14353\/revisions"}],"predecessor-version":[{"id":24011,"href":"https:\/\/mangoanimate.com\/blog\/ro\/wp-json\/wp\/v2\/pages\/14353\/revisions\/24011"}],"wp:attachment":[{"href":"https:\/\/mangoanimate.com\/blog\/ro\/wp-json\/wp\/v2\/media?parent=14353"}],"curies":[{"name":"wp","href":"https:\/\/api.w.org\/{rel}","templated":true}]}}