{"id":14442,"date":"2023-08-24T03:25:05","date_gmt":"2023-08-24T03:25:05","guid":{"rendered":"https:\/\/mangoanimate.com\/blog\/?page_id=14442"},"modified":"2024-12-10T06:46:06","modified_gmt":"2024-12-10T06:46:06","slug":"affiliate","status":"publish","type":"page","link":"https:\/\/mangoanimate.com\/blog\/pl\/affiliate\/","title":{"rendered":"Przy\u0142\u0105cza\u0107"},"content":{"rendered":"<div class=\"wp-block-group alignfull has-background has-xx-large-font-size has-global-padding is-layout-constrained wp-container-core-group-is-layout-387dedb3 wp-block-group-is-layout-constrained\" style=\"background:linear-gradient(90deg,rgb(255,193,0) 3%,rgb(247,151,30) 100%);min-height:660px;margin-top:0px;margin-bottom:0px;padding-top:3.5rem;padding-right:var(--wp--preset--spacing--50);padding-bottom:0rem;padding-left:0\">\n<div class=\"wp-block-columns alignwide are-vertically-aligned-center is-layout-flex wp-container-core-columns-is-layout-a7bc3bc9 wp-block-columns-is-layout-flex\" style=\"margin-top:0rem;margin-bottom:0rem;padding-top:0;padding-right:0;padding-bottom:0;padding-left:0\">\n<div class=\"wp-block-column is-vertically-aligned-center has-global-padding is-content-justification-center is-layout-constrained wp-container-core-column-is-layout-2054e40c wp-block-column-is-layout-constrained\" style=\"padding-top:0;padding-right:0;padding-bottom:0;padding-left:0;flex-basis:790px\">\n<p class=\"has-text-align-left has-system-serif-font-family has-xx-large-font-size\"><strong>Program partnerski Mango Animate <\/strong><\/p>\n\n\n\n<p class=\"has-system-serif-font-family has-large-font-size\"><strong>Do\u0142\u0105cz do programu partnerskiego Mango Animate i zarabiaj $3000+ miesi\u0119cznie!<\/strong><\/p>\n\n\n\n<div class=\"wp-block-group is-content-justification-left is-nowrap is-layout-flex wp-container-core-group-is-layout-5e4c1b14 wp-block-group-is-layout-flex\" style=\"padding-top:var(--wp--preset--spacing--10);padding-bottom:var(--wp--preset--spacing--20)\">\n<div class=\"wp-block-buttons has-custom-font-size has-large-font-size is-content-justification-center is-layout-flex wp-container-core-buttons-is-layout-563154ed wp-block-buttons-is-layout-flex\" style=\"margin-top:0;margin-bottom:0\">\n<div class=\"wp-block-button\"><a class=\"wp-block-button__link has-text-align-left wp-element-button\" href=\"https:\/\/www.shareasale.com\/shareasale.cfm?merchantID=144282\" target=\"_blank\" rel=\"noreferrer noopener\">Zacznij zarabia\u0107 ju\u017c teraz<\/a><\/div>\n<\/div>\n<\/div>\n<\/div>\n\n\n\n<div class=\"wp-block-column has-global-padding is-layout-constrained wp-block-column-is-layout-constrained\" style=\"flex-basis:700px\">\n<figure class=\"wp-block-image size-large is-resized\"><img loading=\"lazy\" decoding=\"async\" width=\"1024\" height=\"846\" src=\"https:\/\/mangoanimate.com\/blog\/wp-content\/uploads\/2023\/08\/start_earn_money-1024x846.png\" alt=\"\" class=\"wp-image-14579\" style=\"width:834px\" srcset=\"https:\/\/mangoanimate.com\/blog\/wp-content\/uploads\/2023\/08\/start_earn_money-1024x846.png 1024w, https:\/\/mangoanimate.com\/blog\/wp-content\/uploads\/2023\/08\/start_earn_money-300x248.png 300w, https:\/\/mangoanimate.com\/blog\/wp-content\/uploads\/2023\/08\/start_earn_money-768x635.png 768w, https:\/\/mangoanimate.com\/blog\/wp-content\/uploads\/2023\/08\/start_earn_money-1536x1269.png 1536w, https:\/\/mangoanimate.com\/blog\/wp-content\/uploads\/2023\/08\/start_earn_money-2048x1693.png 2048w, https:\/\/mangoanimate.com\/blog\/wp-content\/uploads\/2023\/08\/start_earn_money-15x12.png 15w\" sizes=\"auto, (max-width: 1024px) 100vw, 1024px\" \/><\/figure>\n<\/div>\n<\/div>\n<\/div>\n\n\n\n<div class=\"wp-block-group alignfull has-base-color has-contrast-background-color has-text-color has-background has-link-color wp-elements-a349cef06d509b19a98606fa202d08cc has-global-padding is-layout-constrained wp-container-core-group-is-layout-b1d43a46 wp-block-group-is-layout-constrained\" style=\"margin-top:0;margin-bottom:0;padding-top:var(--wp--preset--spacing--20);padding-right:0;padding-bottom:var(--wp--preset--spacing--20);padding-left:0\">\n<div class=\"wp-block-group alignfull has-base-color has-contrast-background-color has-text-color has-background has-link-color has-medium-font-size wp-elements-1b10b911932bad7a267a28d8590946aa has-global-padding is-layout-constrained wp-container-core-group-is-layout-b06604bc wp-block-group-is-layout-constrained\" style=\"margin-top:0;margin-bottom:0;padding-top:var(--wp--preset--spacing--10);padding-right:0;padding-bottom:var(--wp--preset--spacing--30);padding-left:0\">\n<p class=\"has-text-align-center has-system-serif-font-family has-xx-large-font-size\" style=\"margin-right:0;margin-left:0;padding-top:0;padding-right:0px;padding-bottom:0;padding-left:0px\"><strong>Zacznij zarabia\u0107 pieni\u0105dze w 3 prostych krokach!<\/strong><\/p>\n<\/div>\n\n\n\n<div class=\"wp-block-group has-global-padding is-layout-constrained wp-container-core-group-is-layout-530ec779 wp-block-group-is-layout-constrained\">\n<hr class=\"wp-block-separator has-text-color has-base-color has-alpha-channel-opacity has-base-background-color has-background is-style-wide\" style=\"margin-top:var(--wp--preset--spacing--30);margin-bottom:var(--wp--preset--spacing--30)\"\/>\n\n\n\n<p class=\"has-text-align-left has-system-serif-font-family has-large-font-size\"><strong>Krok 1:<\/strong> <strong>Do\u0142\u0105czy\u0107<\/strong><\/p>\n\n\n\n<p class=\"has-contrast-1-color has-text-color has-link-color wp-elements-f3340cee479753d3a43bd6560c3a0c14\">Do\u0142\u0105cz do programu partnerskiego Mango Animate i uzyskaj sw\u00f3j unikalny link.<\/p>\n\n\n\n<hr class=\"wp-block-separator has-text-color has-base-color has-alpha-channel-opacity has-base-background-color has-background is-style-wide\" style=\"margin-top:var(--wp--preset--spacing--30);margin-bottom:var(--wp--preset--spacing--30)\"\/>\n\n\n\n<p class=\"has-system-serif-font-family has-large-font-size\"><strong>Krok 2:<\/strong> <strong>Awans<\/strong><\/p>\n\n\n\n<p class=\"has-contrast-1-color has-text-color has-link-color wp-elements-6219402bc702770eb80072702c440ded\">Promuj oprogramowanie Mango Animate na swojej stronie internetowej lub w mediach spo\u0142eczno\u015bciowych.<\/p>\n\n\n\n<hr class=\"wp-block-separator has-text-color has-base-color has-alpha-channel-opacity has-base-background-color has-background is-style-wide\" style=\"margin-top:var(--wp--preset--spacing--30);margin-bottom:var(--wp--preset--spacing--30)\"\/>\n\n\n\n<p class=\"has-system-serif-font-family has-large-font-size\"><strong>Krok 3:<\/strong> <strong>Zarabia\u0107<\/strong><\/p>\n\n\n\n<p class=\"has-contrast-1-color has-text-color has-link-color wp-elements-20d6e1fe6778e00b7215625d48d9b5ec\">Zarabiaj hojn\u0105 prowizj\u0119 od ka\u017cdej sprzeda\u017cy dokonanej za po\u015brednictwem Twojego unikalnego linku.<\/p>\n\n\n\n<hr class=\"wp-block-separator has-text-color has-base-color has-alpha-channel-opacity has-base-background-color has-background is-style-wide\" style=\"margin-top:var(--wp--preset--spacing--30);margin-bottom:var(--wp--preset--spacing--30)\"\/>\n<\/div>\n<\/div>\n\n\n\n<div class=\"wp-block-group alignfull has-base-color has-contrast-background-color has-text-color has-background has-link-color has-medium-font-size wp-elements-475a5084ef54c9f749e09006a91d0692 has-global-padding is-layout-constrained wp-container-core-group-is-layout-c2be87e8 wp-block-group-is-layout-constrained\" style=\"margin-top:0;margin-bottom:0;padding-top:0;padding-right:0;padding-bottom:0;padding-left:0\">\n<div class=\"wp-block-group has-global-padding is-layout-constrained wp-container-core-group-is-layout-710e67a1 wp-block-group-is-layout-constrained\" style=\"margin-top:0;margin-bottom:var(--wp--preset--spacing--30);padding-top:0;padding-bottom:0\">\n<p class=\"has-text-align-center has-system-serif-font-family has-xx-large-font-size\" style=\"margin-right:0;margin-left:0;padding-top:0;padding-right:0px;padding-bottom:0;padding-left:0px\"><strong>Korzy\u015bci z bycia partnerem afiliacyjnym Mango Animate<\/strong><\/p>\n<\/div>\n\n\n\n<div class=\"wp-block-group has-global-padding is-layout-constrained wp-container-core-group-is-layout-8798a6cd wp-block-group-is-layout-constrained\" style=\"margin-top:0;margin-bottom:0;padding-right:0;padding-left:0\">\n<ul class=\"wp-block-list\">\n<li class=\"has-system-serif-font-family has-x-large-font-size\">Stawki prowizji 30%<\/li>\n\n\n\n<li class=\"has-system-serif-font-family has-x-large-font-size\">Pliki cookie sesji 30-dniowej<\/li>\n\n\n\n<li class=\"has-system-serif-font-family has-x-large-font-size\">Wysoki wsp\u00f3\u0142czynnik konwersji<\/li>\n\n\n\n<li class=\"has-system-serif-font-family has-x-large-font-size\">Atrakcyjne oferty, banery i linki<\/li>\n<\/ul>\n<\/div>\n<\/div>\n\n\n\n<div class=\"wp-block-group alignfull has-background has-xx-large-font-size is-vertical is-content-justification-center is-layout-flex wp-container-core-group-is-layout-fa7b033b wp-block-group-is-layout-flex\" style=\"border-radius:0px;background:linear-gradient(90deg,rgb(255,193,0) 3%,rgb(247,151,30) 100%);min-height:0px;margin-top:0px;margin-bottom:0px;padding-top:0rem;padding-right:0;padding-bottom:0rem;padding-left:0\">\n<div class=\"wp-block-group has-xx-large-font-size is-vertical is-layout-flex wp-container-core-group-is-layout-8af767ff wp-block-group-is-layout-flex\" style=\"padding-top:var(--wp--preset--spacing--40);padding-bottom:var(--wp--preset--spacing--30)\">\n<p class=\"has-text-align-center is-style-default has-contrast-color has-text-color has-system-serif-font-family has-xx-large-font-size\"><strong>Start Nasz mened\u017cer programu partnerskiego Nasz mened\u017cer programu partnerskiego<\/strong><\/p>\n<\/div>\n\n\n\n<div class=\"wp-block-group is-vertical is-content-justification-left is-layout-flex wp-container-core-group-is-layout-7703bd7c wp-block-group-is-layout-flex\" style=\"padding-top:0;padding-bottom:var(--wp--preset--spacing--40)\">\n<div class=\"wp-block-buttons has-custom-font-size has-large-font-size is-layout-flex wp-container-core-buttons-is-layout-860f00c0 wp-block-buttons-is-layout-flex\" style=\"margin-top:0;margin-bottom:0\">\n<div class=\"wp-block-button has-custom-width wp-block-button__width-100\"><a class=\"wp-block-button__link has-text-align-center wp-element-button\" href=\"https:\/\/www.shareasale.com\/shareasale.cfm?merchantID=144282\" target=\"_blank\" rel=\"noreferrer noopener\">Do\u0142\u0105cz teraz<\/a><\/div>\n<\/div>\n<\/div>\n<\/div>","protected":false},"excerpt":{"rendered":"<p>Program partnerski Mango Animate Do\u0142\u0105cz do programu partnerskiego Mango Animate i zarabiaj $3000+ miesi\u0119cznie! Zacznij zarabia\u0107 pieni\u0105dze w 3 prostych krokach! Krok 1: Do\u0142\u0105cz Do\u0142\u0105cz do programu partnerskiego Mango Animate i zdob\u0105d\u017a sw\u00f3j unikalny link. Krok 2: Promocja Promuj oprogramowanie Mango Animate na swojej stronie internetowej lub w mediach spo\u0142eczno\u015bciowych. Krok 3: Zarabiaj Zarabiaj hojn\u0105 prowizj\u0119 od [\u2026]<\/p>","protected":false},"author":4,"featured_media":0,"parent":0,"menu_order":0,"comment_status":"closed","ping_status":"closed","template":"page-no-title","meta":{"footnotes":""},"class_list":["post-14442","page","type-page","status-publish","hentry"],"yoast_head":"<!-- This site is optimized with the Yoast SEO plugin v24.3 - https:\/\/yoast.com\/wordpress\/plugins\/seo\/ -->\n<title>Boost Your Earnings with the Mango Animate Affiliate Program<\/title>\n<meta name=\"description\" content=\"Join the Mango Animate Affiliate Program today and unlock limitless earning potential. Earn generous commissions while promoting our animation software. Take advantage of our high-converting product and dedicated support to maximize your income. Join now and start monetizing your traffic!\" \/>\n<meta name=\"robots\" content=\"index, follow, max-snippet:-1, max-image-preview:large, max-video-preview:-1\" \/>\n<link rel=\"canonical\" href=\"https:\/\/mangoanimate.com\/blog\/pl\/wp-json\/wp\/v2\/pages\/14442\" \/>\n<meta property=\"og:locale\" content=\"pl_PL\" \/>\n<meta property=\"og:type\" content=\"article\" \/>\n<meta property=\"og:title\" content=\"Boost Your Earnings with the Mango Animate Affiliate Program\" \/>\n<meta property=\"og:description\" content=\"Join the Mango Animate Affiliate Program today and unlock limitless earning potential. Earn generous commissions while promoting our animation software. Take advantage of our high-converting product and dedicated support to maximize your income. Join now and start monetizing your traffic!\" \/>\n<meta property=\"og:url\" content=\"https:\/\/mangoanimate.com\/blog\/pl\/affiliate\/\" \/>\n<meta property=\"og:site_name\" content=\"Mango Animate\" \/>\n<meta property=\"article:publisher\" content=\"https:\/\/www.facebook.com\/MangoAnimate\/\" \/>\n<meta property=\"article:modified_time\" content=\"2024-12-10T06:46:06+00:00\" \/>\n<meta property=\"og:image\" content=\"https:\/\/mangoanimate.com\/blog2\/wp-content\/uploads\/2023\/08\/start_earn_money-1024x846.png\" \/>\n<meta name=\"twitter:card\" content=\"summary_large_image\" \/>\n<meta name=\"twitter:label1\" content=\"Szacowany czas czytania\" \/>\n\t<meta name=\"twitter:data1\" content=\"1 minuta\" \/>\n<script type=\"application\/ld+json\" class=\"yoast-schema-graph\">{\"@context\":\"https:\/\/schema.org\",\"@graph\":[{\"@type\":\"WebPage\",\"@id\":\"https:\/\/mangoanimate.com\/blog\/affiliate\/\",\"url\":\"https:\/\/mangoanimate.com\/blog\/affiliate\/\",\"name\":\"Boost Your Earnings with the Mango Animate Affiliate Program\",\"isPartOf\":{\"@id\":\"https:\/\/mangoanimate.com\/blog\/#website\"},\"primaryImageOfPage\":{\"@id\":\"https:\/\/mangoanimate.com\/blog\/affiliate\/#primaryimage\"},\"image\":{\"@id\":\"https:\/\/mangoanimate.com\/blog\/affiliate\/#primaryimage\"},\"thumbnailUrl\":\"https:\/\/mangoanimate.com\/blog\/wp-content\/uploads\/2023\/08\/start_earn_money-1024x846.png\",\"datePublished\":\"2023-08-24T03:25:05+00:00\",\"dateModified\":\"2024-12-10T06:46:06+00:00\",\"description\":\"Join the Mango Animate Affiliate Program today and unlock limitless earning potential. Earn generous commissions while promoting our animation software. Take advantage of our high-converting product and dedicated support to maximize your income. Join now and start monetizing your traffic!\",\"breadcrumb\":{\"@id\":\"https:\/\/mangoanimate.com\/blog\/affiliate\/#breadcrumb\"},\"inLanguage\":\"pl-PL\",\"potentialAction\":[{\"@type\":\"ReadAction\",\"target\":[\"https:\/\/mangoanimate.com\/blog\/affiliate\/\"]}]},{\"@type\":\"ImageObject\",\"inLanguage\":\"pl-PL\",\"@id\":\"https:\/\/mangoanimate.com\/blog\/affiliate\/#primaryimage\",\"url\":\"https:\/\/mangoanimate.com\/blog\/wp-content\/uploads\/2023\/08\/start_earn_money-1024x846.png\",\"contentUrl\":\"https:\/\/mangoanimate.com\/blog\/wp-content\/uploads\/2023\/08\/start_earn_money-1024x846.png\"},{\"@type\":\"BreadcrumbList\",\"@id\":\"https:\/\/mangoanimate.com\/blog\/affiliate\/#breadcrumb\",\"itemListElement\":[{\"@type\":\"ListItem\",\"position\":1,\"name\":\"Home\",\"item\":\"https:\/\/mangoanimate.com\/blog\/\"},{\"@type\":\"ListItem\",\"position\":2,\"name\":\"Affiliate\"}]},{\"@type\":\"WebSite\",\"@id\":\"https:\/\/mangoanimate.com\/blog\/#website\",\"url\":\"https:\/\/mangoanimate.com\/blog\/\",\"name\":\"Mango Animate\",\"description\":\"Animated Businesss Video Tips, Ideas and More\",\"publisher\":{\"@id\":\"https:\/\/mangoanimate.com\/blog\/#organization\"},\"potentialAction\":[{\"@type\":\"SearchAction\",\"target\":{\"@type\":\"EntryPoint\",\"urlTemplate\":\"https:\/\/mangoanimate.com\/blog\/?s={search_term_string}\"},\"query-input\":{\"@type\":\"PropertyValueSpecification\",\"valueRequired\":true,\"valueName\":\"search_term_string\"}}],\"inLanguage\":\"pl-PL\"},{\"@type\":\"Organization\",\"@id\":\"https:\/\/mangoanimate.com\/blog\/#organization\",\"name\":\"Mango Animate\",\"url\":\"https:\/\/mangoanimate.com\/blog\/\",\"logo\":{\"@type\":\"ImageObject\",\"inLanguage\":\"pl-PL\",\"@id\":\"https:\/\/mangoanimate.com\/blog\/#\/schema\/logo\/image\/\",\"url\":\"https:\/\/mangoanimate.com\/blog\/wp-content\/uploads\/2024\/10\/Mango_Animate_logo_.webp\",\"contentUrl\":\"https:\/\/mangoanimate.com\/blog\/wp-content\/uploads\/2024\/10\/Mango_Animate_logo_.webp\",\"width\":240,\"height\":32,\"caption\":\"Mango Animate\"},\"image\":{\"@id\":\"https:\/\/mangoanimate.com\/blog\/#\/schema\/logo\/image\/\"},\"sameAs\":[\"https:\/\/www.facebook.com\/MangoAnimate\/\"]}]}<\/script>\n<!-- \/ Yoast SEO plugin. -->","yoast_head_json":{"title":"Boost Your Earnings with the Mango Animate Affiliate Program","description":"Join the Mango Animate Affiliate Program today and unlock limitless earning potential. Earn generous commissions while promoting our animation software. Take advantage of our high-converting product and dedicated support to maximize your income. Join now and start monetizing your traffic!","robots":{"index":"index","follow":"follow","max-snippet":"max-snippet:-1","max-image-preview":"max-image-preview:large","max-video-preview":"max-video-preview:-1"},"canonical":"https:\/\/mangoanimate.com\/blog\/pl\/wp-json\/wp\/v2\/pages\/14442","og_locale":"pl_PL","og_type":"article","og_title":"Boost Your Earnings with the Mango Animate Affiliate Program","og_description":"Join the Mango Animate Affiliate Program today and unlock limitless earning potential. Earn generous commissions while promoting our animation software. Take advantage of our high-converting product and dedicated support to maximize your income. Join now and start monetizing your traffic!","og_url":"https:\/\/mangoanimate.com\/blog\/pl\/affiliate\/","og_site_name":"Mango Animate","article_publisher":"https:\/\/www.facebook.com\/MangoAnimate\/","article_modified_time":"2024-12-10T06:46:06+00:00","og_image":[{"url":"https:\/\/mangoanimate.com\/blog2\/wp-content\/uploads\/2023\/08\/start_earn_money-1024x846.png","type":"","width":"","height":""}],"twitter_card":"summary_large_image","twitter_misc":{"Szacowany czas czytania":"1 minuta"},"schema":{"@context":"https:\/\/schema.org","@graph":[{"@type":"WebPage","@id":"https:\/\/mangoanimate.com\/blog\/affiliate\/","url":"https:\/\/mangoanimate.com\/blog\/affiliate\/","name":"Boost Your Earnings with the Mango Animate Affiliate Program","isPartOf":{"@id":"https:\/\/mangoanimate.com\/blog\/#website"},"primaryImageOfPage":{"@id":"https:\/\/mangoanimate.com\/blog\/affiliate\/#primaryimage"},"image":{"@id":"https:\/\/mangoanimate.com\/blog\/affiliate\/#primaryimage"},"thumbnailUrl":"https:\/\/mangoanimate.com\/blog\/wp-content\/uploads\/2023\/08\/start_earn_money-1024x846.png","datePublished":"2023-08-24T03:25:05+00:00","dateModified":"2024-12-10T06:46:06+00:00","description":"Join the Mango Animate Affiliate Program today and unlock limitless earning potential. Earn generous commissions while promoting our animation software. Take advantage of our high-converting product and dedicated support to maximize your income. Join now and start monetizing your traffic!","breadcrumb":{"@id":"https:\/\/mangoanimate.com\/blog\/affiliate\/#breadcrumb"},"inLanguage":"pl-PL","potentialAction":[{"@type":"ReadAction","target":["https:\/\/mangoanimate.com\/blog\/affiliate\/"]}]},{"@type":"ImageObject","inLanguage":"pl-PL","@id":"https:\/\/mangoanimate.com\/blog\/affiliate\/#primaryimage","url":"https:\/\/mangoanimate.com\/blog\/wp-content\/uploads\/2023\/08\/start_earn_money-1024x846.png","contentUrl":"https:\/\/mangoanimate.com\/blog\/wp-content\/uploads\/2023\/08\/start_earn_money-1024x846.png"},{"@type":"BreadcrumbList","@id":"https:\/\/mangoanimate.com\/blog\/affiliate\/#breadcrumb","itemListElement":[{"@type":"ListItem","position":1,"name":"Home","item":"https:\/\/mangoanimate.com\/blog\/"},{"@type":"ListItem","position":2,"name":"Affiliate"}]},{"@type":"WebSite","@id":"https:\/\/mangoanimate.com\/blog\/#website","url":"https:\/\/mangoanimate.com\/blog\/","name":"Mango Animate","description":"Animated Businesss Video Tips, Ideas and More","publisher":{"@id":"https:\/\/mangoanimate.com\/blog\/#organization"},"potentialAction":[{"@type":"SearchAction","target":{"@type":"EntryPoint","urlTemplate":"https:\/\/mangoanimate.com\/blog\/?s={search_term_string}"},"query-input":{"@type":"PropertyValueSpecification","valueRequired":true,"valueName":"search_term_string"}}],"inLanguage":"pl-PL"},{"@type":"Organization","@id":"https:\/\/mangoanimate.com\/blog\/#organization","name":"Mango Animate","url":"https:\/\/mangoanimate.com\/blog\/","logo":{"@type":"ImageObject","inLanguage":"pl-PL","@id":"https:\/\/mangoanimate.com\/blog\/#\/schema\/logo\/image\/","url":"https:\/\/mangoanimate.com\/blog\/wp-content\/uploads\/2024\/10\/Mango_Animate_logo_.webp","contentUrl":"https:\/\/mangoanimate.com\/blog\/wp-content\/uploads\/2024\/10\/Mango_Animate_logo_.webp","width":240,"height":32,"caption":"Mango Animate"},"image":{"@id":"https:\/\/mangoanimate.com\/blog\/#\/schema\/logo\/image\/"},"sameAs":["https:\/\/www.facebook.com\/MangoAnimate\/"]}]}},"_links":{"self":[{"href":"https:\/\/mangoanimate.com\/blog\/pl\/wp-json\/wp\/v2\/pages\/14442","targetHints":{"allow":["GET"]}}],"collection":[{"href":"https:\/\/mangoanimate.com\/blog\/pl\/wp-json\/wp\/v2\/pages"}],"about":[{"href":"https:\/\/mangoanimate.com\/blog\/pl\/wp-json\/wp\/v2\/types\/page"}],"author":[{"embeddable":true,"href":"https:\/\/mangoanimate.com\/blog\/pl\/wp-json\/wp\/v2\/users\/4"}],"replies":[{"embeddable":true,"href":"https:\/\/mangoanimate.com\/blog\/pl\/wp-json\/wp\/v2\/comments?post=14442"}],"version-history":[{"count":1,"href":"https:\/\/mangoanimate.com\/blog\/pl\/wp-json\/wp\/v2\/pages\/14442\/revisions"}],"predecessor-version":[{"id":20978,"href":"https:\/\/mangoanimate.com\/blog\/pl\/wp-json\/wp\/v2\/pages\/14442\/revisions\/20978"}],"wp:attachment":[{"href":"https:\/\/mangoanimate.com\/blog\/pl\/wp-json\/wp\/v2\/media?parent=14442"}],"curies":[{"name":"wp","href":"https:\/\/api.w.org\/{rel}","templated":true}]}}